{"id":2120,"date":"2021-06-03T14:18:37","date_gmt":"2021-06-03T12:18:37","guid":{"rendered":"https:\/\/www.hotel-westend.com\/la-palmeraie-restaurant\/"},"modified":"2025-01-14T16:20:55","modified_gmt":"2025-01-14T15:20:55","slug":"la-palmeraie-restaurant","status":"publish","type":"page","link":"https:\/\/www.hotel-westend.com\/en\/la-palmeraie-restaurant\/","title":{"rendered":"La Palmeraie Restaurant"},"content":{"rendered":"<p>[et_pb_section fb_built=&#8221;1&#8243; custom_padding_last_edited=&#8221;on|phone&#8221; _builder_version=&#8221;4.27.0&#8243; _module_preset=&#8221;default&#8221; use_background_color_gradient=&#8221;on&#8221; background_color_gradient_stops=&#8221;rgba(255,255,255,0) 0%|rgba(0,31,99,0.47) 50%&#8221; background_color_gradient_overlays_image=&#8221;on&#8221; background_color_gradient_start=&#8221;rgba(255,255,255,0)&#8221; background_color_gradient_end=&#8221;rgba(0,31,99,0.47)&#8221; background_color_gradient_end_position=&#8221;50%&#8221; background_image=&#8221;https:\/\/www.hotel-westend.com\/wp-content\/uploads\/2023\/09\/Buffet-petit-dejeuner-Hotel-West-End-Nice-Promenade-des-Anglais-scaled.jpg&#8221; custom_padding=&#8221;132px||0px||false|false&#8221; custom_padding_tablet=&#8221;&#8221; custom_padding_phone=&#8221;80px||||false|false&#8221; locked=&#8221;off&#8221; global_colors_info=&#8221;{}&#8221;][et_pb_row _builder_version=&#8221;4.27.0&#8243; _module_preset=&#8221;default&#8221; global_colors_info=&#8221;{}&#8221;][et_pb_column type=&#8221;4_4&#8243; _builder_version=&#8221;4.27.0&#8243; _module_preset=&#8221;default&#8221; global_colors_info=&#8221;{}&#8221;][et_pb_text _builder_version=&#8221;4.27.0&#8243; _module_preset=&#8221;default&#8221; header_font=&#8221;Gilda Display||||||||&#8221; header_text_align=&#8221;center&#8221; header_text_color=&#8221;#FFFFFF&#8221; header_font_size=&#8221;66px&#8221; custom_margin=&#8221;||40px||false|false&#8221; custom_margin_tablet=&#8221;&#8221; custom_margin_phone=&#8221;||80px||false|false&#8221; custom_margin_last_edited=&#8221;on|phone&#8221; header_font_size_tablet=&#8221;&#8221; header_font_size_phone=&#8221;50px&#8221; header_font_size_last_edited=&#8221;on|phone&#8221; header_text_shadow_style=&#8221;preset2&#8243; global_colors_info=&#8221;{}&#8221;]<\/p>\n<h1>La Palmeraie<\/h1>\n<p>[\/et_pb_text][\/et_pb_column][\/et_pb_row][\/et_pb_section][et_pb_section fb_built=&#8221;1&#8243; admin_label=&#8221;Gallery&#8221; _builder_version=&#8221;4.16&#8243; background_color=&#8221;#F8F7F4&#8243; custom_padding=&#8221;50px|0px|0px|0px|false|false&#8221; locked=&#8221;off&#8221; global_colors_info=&#8221;{}&#8221;][et_pb_row column_structure=&#8221;1_2,1_2&#8243; _builder_version=&#8221;4.16&#8243; custom_padding=&#8221;24px|0px|27px|0px|false|false&#8221; global_colors_info=&#8221;{}&#8221;][et_pb_column type=&#8221;1_2&#8243; _builder_version=&#8221;4.16&#8243; custom_padding=&#8221;|||&#8221; global_colors_info=&#8221;{}&#8221; custom_padding__hover=&#8221;|||&#8221;][et_pb_image src=&#8221;https:\/\/www.hotel-westend.com\/wp-content\/uploads\/2023\/09\/Petit-Dejeuner-Hotel-West-End-Nice-Promenade-des-Anglais-2-scaled.jpg&#8221; alt=&#8221;Petit D\u00e9jeuner &#8211; H\u00f4tel West End Nice &#8211; Promenade des Anglais (2)&#8221; title_text=&#8221;Petit D\u00e9jeuner &#8211; H\u00f4tel West End Nice &#8211; Promenade des Anglais (2)&#8221; align_tablet=&#8221;center&#8221; align_phone=&#8221;&#8221; align_last_edited=&#8221;on|desktop&#8221; _builder_version=&#8221;4.22.1&#8243; global_colors_info=&#8221;{}&#8221;][\/et_pb_image][et_pb_text _builder_version=&#8221;4.27.0&#8243; text_font=&#8221;DM Sans||||||||&#8221; text_line_height=&#8221;2em&#8221; header_font=&#8221;||||||||&#8221; header_2_font=&#8221;Gilda Display||||||||&#8221; header_2_font_size=&#8221;60px&#8221; header_2_line_height=&#8221;1.2em&#8221; max_width=&#8221;550px&#8221; custom_margin=&#8221;||12px||false|false&#8221; custom_padding=&#8221;||0px||false|false&#8221; custom_padding_tablet=&#8221;||0px|0px|false|false&#8221; custom_padding_phone=&#8221;||0px|0px|false|false&#8221; custom_padding_last_edited=&#8221;on|tablet&#8221; hover_enabled=&#8221;0&#8243; header_2_font_size_tablet=&#8221;40px&#8221; header_2_font_size_phone=&#8221;30px&#8221; header_2_font_size_last_edited=&#8221;on|phone&#8221; locked=&#8221;off&#8221; global_colors_info=&#8221;{}&#8221; sticky_enabled=&#8221;0&#8243;]<\/p>\n<p>Start the day in the Palmeraie restaurant, which extends over a terrace in the shade of the palm trees. A gourmet breakfast where more than 30 savoury and sweet varieties offer a colourful festival of flavours and fragrances. The West End Hotel, committed to bee protection, sponsors beehives owned by beekeeper Yvon Torcat, in the Nice hinterland. Its lavender honey can be tasted at the buffet.<\/p>\n<p>Service from 7 a.m. to 10:30 a.m. &#8211; \u20ac24 per person and per day<\/p>\n<p>[\/et_pb_text][\/et_pb_column][et_pb_column type=&#8221;1_2&#8243; _builder_version=&#8221;4.16&#8243; custom_padding=&#8221;100px|||&#8221; global_colors_info=&#8221;{}&#8221; custom_padding__hover=&#8221;|||&#8221;][et_pb_text module_id=&#8221;h2Chambre&#8221; _builder_version=&#8221;4.27.0&#8243; text_font=&#8221;Gilda Display||||||||&#8221; text_text_color=&#8221;#9b8760&#8243; text_line_height=&#8221;2em&#8221; header_font=&#8221;||||||||&#8221; header_2_font=&#8221;Gilda Display||||||||&#8221; header_2_text_color=&#8221;#9b8760&#8243; header_2_font_size=&#8221;60px&#8221; header_2_line_height=&#8221;1.2em&#8221; max_width=&#8221;550px&#8221; custom_padding=&#8221;24px|120px|24px||false|false&#8221; header_2_font_size_tablet=&#8221;40px&#8221; header_2_font_size_phone=&#8221;30px&#8221; header_2_font_size_last_edited=&#8221;on|phone&#8221; locked=&#8221;off&#8221; global_colors_info=&#8221;{}&#8221;]<\/p>\n<h2>Your restaurant in pictures<\/h2>\n<p>[\/et_pb_text][et_pb_image src=&#8221;https:\/\/www.hotel-westend.com\/wp-content\/uploads\/2021\/05\/lapalmeraie-2.jpg&#8221; title_text=&#8221;lapalmeraie-2&#8243; align_tablet=&#8221;center&#8221; align_phone=&#8221;&#8221; align_last_edited=&#8221;on|desktop&#8221; _builder_version=&#8221;4.16&#8243; global_colors_info=&#8221;{}&#8221;][\/et_pb_image][\/et_pb_column][\/et_pb_row][et_pb_row column_structure=&#8221;1_4,1_4,1_4,1_4&#8243; _builder_version=&#8221;4.22.1&#8243; _module_preset=&#8221;default&#8221; global_colors_info=&#8221;{}&#8221;][et_pb_column type=&#8221;1_4&#8243; _builder_version=&#8221;4.22.1&#8243; _module_preset=&#8221;default&#8221; global_colors_info=&#8221;{}&#8221;][et_pb_image src=&#8221;https:\/\/www.hotel-westend.com\/wp-content\/uploads\/2023\/09\/La-Palmeraie-Hotel-West-End-Nice-Promenade-des-Anglais-2-scaled.jpg&#8221; alt=&#8221;La Palmeraie &#8211; H\u00f4tel West End Nice &#8211; Promenade des Anglais&#8221; title_text=&#8221;La Palmeraie &#8211; H\u00f4tel West End Nice &#8211; Promenade des Anglais&#8221; _builder_version=&#8221;4.22.1&#8243; _module_preset=&#8221;default&#8221; global_colors_info=&#8221;{}&#8221;][\/et_pb_image][\/et_pb_column][et_pb_column type=&#8221;1_4&#8243; _builder_version=&#8221;4.22.1&#8243; _module_preset=&#8221;default&#8221; global_colors_info=&#8221;{}&#8221;][et_pb_image src=&#8221;https:\/\/www.hotel-westend.com\/wp-content\/uploads\/2023\/09\/Petit-dejeuner-Hotel-West-End-Nice-Promenade-des-Anglais-1-1-scaled.jpg&#8221; alt=&#8221;Petit d\u00e9jeuner H\u00f4tel West End Nice Promenade des Anglais (1)&#8221; title_text=&#8221;Petit d\u00e9jeuner H\u00f4tel West End Nice Promenade des Anglais (1)&#8221; _builder_version=&#8221;4.22.1&#8243; _module_preset=&#8221;default&#8221; global_colors_info=&#8221;{}&#8221;][\/et_pb_image][\/et_pb_column][et_pb_column type=&#8221;1_4&#8243; _builder_version=&#8221;4.22.1&#8243; _module_preset=&#8221;default&#8221; global_colors_info=&#8221;{}&#8221;][et_pb_image src=&#8221;https:\/\/www.hotel-westend.com\/wp-content\/uploads\/2023\/09\/Petit-dejeuner-Hotel-West-End-Nice-Promenade-des-Anglais-2-1-scaled.jpg&#8221; alt=&#8221;Petit d\u00e9jeuner H\u00f4tel West End Nice Promenade des Anglais (2)&#8221; title_text=&#8221;Petit d\u00e9jeuner H\u00f4tel West End Nice Promenade des Anglais (2)&#8221; _builder_version=&#8221;4.22.1&#8243; _module_preset=&#8221;default&#8221; global_colors_info=&#8221;{}&#8221;][\/et_pb_image][\/et_pb_column][et_pb_column type=&#8221;1_4&#8243; _builder_version=&#8221;4.22.1&#8243; _module_preset=&#8221;default&#8221; global_colors_info=&#8221;{}&#8221;][et_pb_image src=&#8221;https:\/\/www.hotel-westend.com\/wp-content\/uploads\/2023\/09\/Petit-Dejeuner-Hotel-West-End-Nice-Promenade-des-Anglais-1-scaled.jpg&#8221; alt=&#8221;Petit d\u00e9jeuner H\u00f4tel West End Nice Promenade des Anglais (2)&#8221; title_text=&#8221;Petit D\u00e9jeuner &#8211; H\u00f4tel West End Nice &#8211; Promenade des Anglais (1)&#8221; _builder_version=&#8221;4.22.1&#8243; _module_preset=&#8221;default&#8221; global_colors_info=&#8221;{}&#8221;][\/et_pb_image][\/et_pb_column][\/et_pb_row][\/et_pb_section]<\/p>\n","protected":false},"excerpt":{"rendered":"<p>La PalmeraieStart the day in the Palmeraie restaurant, which extends over a terrace in the shade of the palm trees. A gourmet breakfast where more than 30 savoury and sweet varieties offer a colourful festival of flavours and fragrances. The West End Hotel, committed to bee protection, sponsors beehives owned by beekeeper Yvon Torcat, in [&hellip;]<\/p>\n","protected":false},"author":1,"featured_media":0,"parent":0,"menu_order":0,"comment_status":"closed","ping_status":"closed","template":"","meta":{"_et_pb_use_builder":"on","_et_pb_old_content":"","_et_gb_content_width":"","inline_featured_image":false,"footnotes":""},"class_list":["post-2120","page","type-page","status-publish","hentry"],"yoast_head":"<!-- This site is optimized with the Yoast SEO plugin v27.4 - https:\/\/yoast.com\/product\/yoast-seo-wordpress\/ -->\n<title>West End Hotel | Discover our restaurant La Palmeraie<\/title>\n<meta name=\"description\" content=\"Hotel with sea view on the Promenade des Anglais. Our restaurant La Palmeraie awaits your visit, come and enjoy yourself!\" \/>\n<meta name=\"robots\" content=\"index, follow, max-snippet:-1, max-image-preview:large, max-video-preview:-1\" \/>\n<link rel=\"canonical\" href=\"https:\/\/www.hotel-westend.com\/en\/la-palmeraie-restaurant\/\" \/>\n<meta property=\"og:locale\" content=\"en_US\" \/>\n<meta property=\"og:type\" content=\"article\" \/>\n<meta property=\"og:title\" content=\"West End Hotel | Discover our restaurant La Palmeraie\" \/>\n<meta property=\"og:description\" content=\"Hotel with sea view on the Promenade des Anglais. Our restaurant La Palmeraie awaits your visit, come and enjoy yourself!\" \/>\n<meta property=\"og:url\" content=\"https:\/\/www.hotel-westend.com\/en\/la-palmeraie-restaurant\/\" \/>\n<meta property=\"og:site_name\" content=\"Hotel Westend Nice\" \/>\n<meta property=\"article:modified_time\" content=\"2025-01-14T15:20:55+00:00\" \/>\n<meta name=\"twitter:card\" content=\"summary_large_image\" \/>\n<meta name=\"twitter:label1\" content=\"Est. reading time\" \/>\n\t<meta name=\"twitter:data1\" content=\"4 minutes\" \/>\n<script type=\"application\/ld+json\" class=\"yoast-schema-graph\">{\"@context\":\"https:\\\/\\\/schema.org\",\"@graph\":[{\"@type\":\"WebPage\",\"@id\":\"https:\\\/\\\/www.hotel-westend.com\\\/en\\\/la-palmeraie-restaurant\\\/\",\"url\":\"https:\\\/\\\/www.hotel-westend.com\\\/en\\\/la-palmeraie-restaurant\\\/\",\"name\":\"West End Hotel | Discover our restaurant La Palmeraie\",\"isPartOf\":{\"@id\":\"https:\\\/\\\/www.hotel-westend.com\\\/#website\"},\"datePublished\":\"2021-06-03T12:18:37+00:00\",\"dateModified\":\"2025-01-14T15:20:55+00:00\",\"description\":\"Hotel with sea view on the Promenade des Anglais. Our restaurant La Palmeraie awaits your visit, come and enjoy yourself!\",\"breadcrumb\":{\"@id\":\"https:\\\/\\\/www.hotel-westend.com\\\/en\\\/la-palmeraie-restaurant\\\/#breadcrumb\"},\"inLanguage\":\"en-US\",\"potentialAction\":[{\"@type\":\"ReadAction\",\"target\":[\"https:\\\/\\\/www.hotel-westend.com\\\/en\\\/la-palmeraie-restaurant\\\/\"]}]},{\"@type\":\"BreadcrumbList\",\"@id\":\"https:\\\/\\\/www.hotel-westend.com\\\/en\\\/la-palmeraie-restaurant\\\/#breadcrumb\",\"itemListElement\":[{\"@type\":\"ListItem\",\"position\":1,\"name\":\"Accueil\",\"item\":\"https:\\\/\\\/www.hotel-westend.com\\\/en\\\/\"},{\"@type\":\"ListItem\",\"position\":2,\"name\":\"La Palmeraie Restaurant\"}]},{\"@type\":\"WebSite\",\"@id\":\"https:\\\/\\\/www.hotel-westend.com\\\/#website\",\"url\":\"https:\\\/\\\/www.hotel-westend.com\\\/\",\"name\":\"Hotel Westend Nice\",\"description\":\"Hotel 4 Etoiles Nice - Promenade Anglais | OFFICIEL \",\"potentialAction\":[{\"@type\":\"SearchAction\",\"target\":{\"@type\":\"EntryPoint\",\"urlTemplate\":\"https:\\\/\\\/www.hotel-westend.com\\\/?s={search_term_string}\"},\"query-input\":{\"@type\":\"PropertyValueSpecification\",\"valueRequired\":true,\"valueName\":\"search_term_string\"}}],\"inLanguage\":\"en-US\"}]}<\/script>\n<!-- \/ Yoast SEO plugin. -->","yoast_head_json":{"title":"West End Hotel | Discover our restaurant La Palmeraie","description":"Hotel with sea view on the Promenade des Anglais. Our restaurant La Palmeraie awaits your visit, come and enjoy yourself!","robots":{"index":"index","follow":"follow","max-snippet":"max-snippet:-1","max-image-preview":"max-image-preview:large","max-video-preview":"max-video-preview:-1"},"canonical":"https:\/\/www.hotel-westend.com\/en\/la-palmeraie-restaurant\/","og_locale":"en_US","og_type":"article","og_title":"West End Hotel | Discover our restaurant La Palmeraie","og_description":"Hotel with sea view on the Promenade des Anglais. Our restaurant La Palmeraie awaits your visit, come and enjoy yourself!","og_url":"https:\/\/www.hotel-westend.com\/en\/la-palmeraie-restaurant\/","og_site_name":"Hotel Westend Nice","article_modified_time":"2025-01-14T15:20:55+00:00","twitter_card":"summary_large_image","twitter_misc":{"Est. reading time":"4 minutes"},"schema":{"@context":"https:\/\/schema.org","@graph":[{"@type":"WebPage","@id":"https:\/\/www.hotel-westend.com\/en\/la-palmeraie-restaurant\/","url":"https:\/\/www.hotel-westend.com\/en\/la-palmeraie-restaurant\/","name":"West End Hotel | Discover our restaurant La Palmeraie","isPartOf":{"@id":"https:\/\/www.hotel-westend.com\/#website"},"datePublished":"2021-06-03T12:18:37+00:00","dateModified":"2025-01-14T15:20:55+00:00","description":"Hotel with sea view on the Promenade des Anglais. Our restaurant La Palmeraie awaits your visit, come and enjoy yourself!","breadcrumb":{"@id":"https:\/\/www.hotel-westend.com\/en\/la-palmeraie-restaurant\/#breadcrumb"},"inLanguage":"en-US","potentialAction":[{"@type":"ReadAction","target":["https:\/\/www.hotel-westend.com\/en\/la-palmeraie-restaurant\/"]}]},{"@type":"BreadcrumbList","@id":"https:\/\/www.hotel-westend.com\/en\/la-palmeraie-restaurant\/#breadcrumb","itemListElement":[{"@type":"ListItem","position":1,"name":"Accueil","item":"https:\/\/www.hotel-westend.com\/en\/"},{"@type":"ListItem","position":2,"name":"La Palmeraie Restaurant"}]},{"@type":"WebSite","@id":"https:\/\/www.hotel-westend.com\/#website","url":"https:\/\/www.hotel-westend.com\/","name":"Hotel Westend Nice","description":"Hotel 4 Etoiles Nice - Promenade Anglais | OFFICIEL ","potentialAction":[{"@type":"SearchAction","target":{"@type":"EntryPoint","urlTemplate":"https:\/\/www.hotel-westend.com\/?s={search_term_string}"},"query-input":{"@type":"PropertyValueSpecification","valueRequired":true,"valueName":"search_term_string"}}],"inLanguage":"en-US"}]}},"_links":{"self":[{"href":"https:\/\/www.hotel-westend.com\/en\/wp-json\/wp\/v2\/pages\/2120","targetHints":{"allow":["GET"]}}],"collection":[{"href":"https:\/\/www.hotel-westend.com\/en\/wp-json\/wp\/v2\/pages"}],"about":[{"href":"https:\/\/www.hotel-westend.com\/en\/wp-json\/wp\/v2\/types\/page"}],"author":[{"embeddable":true,"href":"https:\/\/www.hotel-westend.com\/en\/wp-json\/wp\/v2\/users\/1"}],"replies":[{"embeddable":true,"href":"https:\/\/www.hotel-westend.com\/en\/wp-json\/wp\/v2\/comments?post=2120"}],"version-history":[{"count":36,"href":"https:\/\/www.hotel-westend.com\/en\/wp-json\/wp\/v2\/pages\/2120\/revisions"}],"predecessor-version":[{"id":9363,"href":"https:\/\/www.hotel-westend.com\/en\/wp-json\/wp\/v2\/pages\/2120\/revisions\/9363"}],"wp:attachment":[{"href":"https:\/\/www.hotel-westend.com\/en\/wp-json\/wp\/v2\/media?parent=2120"}],"curies":[{"name":"wp","href":"https:\/\/api.w.org\/{rel}","templated":true}]}}